{"id":189,"date":"2012-09-03T23:21:44","date_gmt":"2012-09-04T04:21:44","guid":{"rendered":"http:\/\/www.reviveproject.com\/?page_id=189"},"modified":"2015-06-05T02:14:07","modified_gmt":"2015-06-05T07:14:07","slug":"god-chat","status":"publish","type":"page","link":"https:\/\/www.reviveproject.com\/pt\/god-chat","title":{"rendered":"Estudo B\u00edblico"},"content":{"rendered":"<p><\/p>\n<p><p>God Chat, o Bate Papo com Deus, \u00e9 o nome do grupo de estudo b\u00edblico do REVIVE. Aqui voc\u00ea vai achar todos os estudos, materiais e os podcasts de nossos encontros.<\/p>\n<\/p>\n<p><\/p>","protected":false},"excerpt":{"rendered":"<p>God Chat, o Bate Papo com Deus, \u00e9 o nome do grupo de estudo b\u00edblico do REVIVE. Aqui voc\u00ea vai achar todos os estudos, materiais e os podcasts de nossos encontros.<\/p>\n","protected":false},"author":1,"featured_media":219,"parent":0,"menu_order":0,"comment_status":"open","ping_status":"open","template":"","meta":{"_exactmetrics_skip_tracking":false,"_exactmetrics_sitenote_active":false,"_exactmetrics_sitenote_note":"","_exactmetrics_sitenote_category":0,"footnotes":""},"class_list":["post-189","page","type-page","status-publish","has-post-thumbnail","hentry"],"jetpack_sharing_enabled":true,"_links":{"self":[{"href":"https:\/\/www.reviveproject.com\/pt\/wp-json\/wp\/v2\/pages\/189","targetHints":{"allow":["GET"]}}],"collection":[{"href":"https:\/\/www.reviveproject.com\/pt\/wp-json\/wp\/v2\/pages"}],"about":[{"href":"https:\/\/www.reviveproject.com\/pt\/wp-json\/wp\/v2\/types\/page"}],"author":[{"embeddable":true,"href":"https:\/\/www.reviveproject.com\/pt\/wp-json\/wp\/v2\/users\/1"}],"replies":[{"embeddable":true,"href":"https:\/\/www.reviveproject.com\/pt\/wp-json\/wp\/v2\/comments?post=189"}],"version-history":[{"count":13,"href":"https:\/\/www.reviveproject.com\/pt\/wp-json\/wp\/v2\/pages\/189\/revisions"}],"predecessor-version":[{"id":901,"href":"https:\/\/www.reviveproject.com\/pt\/wp-json\/wp\/v2\/pages\/189\/revisions\/901"}],"wp:featuredmedia":[{"embeddable":true,"href":"https:\/\/www.reviveproject.com\/pt\/wp-json\/wp\/v2\/media\/219"}],"wp:attachment":[{"href":"https:\/\/www.reviveproject.com\/pt\/wp-json\/wp\/v2\/media?parent=189"}],"curies":[{"name":"wp","href":"https:\/\/api.w.org\/{rel}","templated":true}]}}