{"id":2,"date":"2009-02-10T18:38:49","date_gmt":"2009-02-11T01:38:49","guid":{"rendered":"http:\/\/www.reviveproject.com\/?page_id=2"},"modified":"2015-06-05T02:06:59","modified_gmt":"2015-06-05T07:06:59","slug":"about","status":"publish","type":"page","link":"https:\/\/www.reviveproject.com\/pt\/about","title":{"rendered":"Quem Somos"},"content":{"rendered":"<p><\/p>\n<p>Ol\u00e1 a todos, bem-vindo ao REVIVE, uma comunidade onde as pessoas podem dialogar sobre Deus. Qualquer tipo de pessoa \u00e9 bem-vinda. Mesmo se voc\u00ea n\u00e3o acredita em Deus, acreditamos que se voc\u00ea nos der uma chance e ouvir a nossa hist\u00f3ria que voc\u00ea pode ser surpreendido com o que aprender\u00e1 sobre ele. N\u00f3s encorajamos voc\u00ea a compartilhar sua hist\u00f3ria e perspectiva com a gente tamb\u00e9m, desde que seja feito com respeito.<\/p>\n<p><em>Por favor, assine o nosso blog clicando no link RSS no topo da p\u00e1gina.<\/em><\/p>\n<p><strong>O que \u00e9 REVIVE?<\/strong><\/p>\n<p>REVIVE \u00e9 um projeto chamando todos para morrer. N\u00e3o literalmente, mas espiritualmente, psicologicamente e emocionalmente. Morrer ao seu velho eu, velhos ideais, concep\u00e7\u00f5es antigas, perspectivas antigas, velhos pecados. REVIVE visa revelar o verdadeiro car\u00e1ter de Deus, para levar as pessoas de todas as idades, crist\u00e3o, n\u00e3o-crist\u00e3os, ateus, para um encontro com a pessoa mais bonita do Universo. Deus traz cura e restaura\u00e7\u00e3o e deseja ser amigo de todos n\u00f3s, e nosso objetivo \u00e9 ser o catalisador que ajudar\u00e1 as pessoas a se apaixonarem por nosso maravilhoso Salvador.<\/p>\n<p>Nosso mundo, em geral, vive na escurid\u00e3o. A maioria tenta preencher o vazio e a solid\u00e3o de seus anos procurando em todos os lugares, menos Deus. Um monte de gente n\u00e3o tem nenhum prop\u00f3sito de conhecer a Deus, aprender a viver para Ele, por causa de uma imagem distorcida de Seu car\u00e1ter. Na mente de muitos, n\u00e3o h\u00e1 nenhuma raz\u00e3o para seguir \u00e0 um Deus que \u00e9 cr\u00edtico, arbitr\u00e1rio, vingativo, autorit\u00e1rio e implac\u00e1vel. Muitos v\u00eaem um deus em tudo ou todos, encontram sentido para a vida de v\u00e1rias maneiras ou religi\u00f5es e alguns honestamente procuram.<\/p>\n<p>Curando nossas mentes:<\/p>\n<p><em>&#8220;Cura-me, Senhor, e eu vou ser curado.&#8221; Jeremias 17:14<\/em><\/p>\n<p>As escrituras do Novo Testamento grego falam sobre uma mudan\u00e7a de mente. A palavra em nossa l\u00edngua \u00e9 &#8220;arrependimento&#8221;, e n\u00f3s geralmente associamos isso com tristeza, remorso e dor, mas a palavra em grego \u00e9 metanoia. <em>Meta<\/em> &#8211; depois de \/ para tr\u00e1s; <em>Noia<\/em> &#8211; pensamento \/ compreens\u00e3o \/ c\u00e9rebro. As escrituras literalmente pedem \u00e0s pessoas para deixar seu pensamento atual para tr\u00e1s, mudar as suas mentes, para serem curado de concep\u00e7\u00f5es antigas, de nossos antigos pecados e da vida velha e REVIVE visa levar as pessoas a isso.<\/p>\n<p>Viver o cora\u00e7\u00e3o de Deus:<\/p>\n<p>N\u00f3s acreditamos que a vida de Cristo nos mostrou que fomos feitos para amar os outros, independentemente de qu\u00e3o doentes ou m\u00e1s esses outros s\u00e3o. Esse processo \u00e9 muito dif\u00edcil, mas o entendimento de que morrer para si mesmo \u00e9 o primeiro processo na jornada, n\u00f3s nos esfor\u00e7amos para ter o cora\u00e7\u00e3o de Deus ao inv\u00e9s do nosso. Isso significa que vamos servir aos outros, como Cristo serviu outros. Vamos ajudar a nossa comunidade, a nossa sociedade se livrar de sua dor e sofrimento, e REVIVE visa criar v\u00e1rias oportunidades de fazer isso.<\/p>\n<p>Nossa esperan\u00e7a \u00e9 que as pessoas se apaixonem por Deus, que vai lev\u00e1-los a amar aos outros ao seu redor, e, ent\u00e3o, viver uma vida comunit\u00e1ria ajudando a nossa comunidade se tornar mais segura, mais limpa, saud\u00e1vel e amada ao ajudarmos a cuidar de sua necessidades b\u00e1sicas. Nosso objetivo \u00e9 criar uma forma de conectar as pessoas com organiza\u00e7\u00f5es que precisam de volunt\u00e1rios, aqueles que precisam do nosso tempo e esfor\u00e7o.<\/p>\n<p><strong>O que \u00e9 God Chat, o Bate Papo com Deus?<\/strong><\/p>\n<p>God Chat \u00e9 um encontro semanal em Lincoln, NE, com os fundadores do REVIVE e amigos. Este blog \u00e9 o aspecto interativo \/ on-line do encontro, onde voc\u00ea pode ver os materiais, ouvir as discuss\u00f5es, e continuar a discuss\u00e3o atrav\u00e9s dos coment\u00e1rios. Nosso objetivo \u00e9 falar com pessoas de qualquer religi\u00e3o, ou f\u00e9 nenhuma, e examinar as escrituras como a fonte da verdade sobre o car\u00e1ter de Deus. Vamos demonstrar porque acreditamos que essas antigas escrituras ainda t\u00eam autoridade.<\/p>\n<p><strong>Onde Colocamos Nossa Confian\u00e7a<\/strong><\/p>\n<p>Jesus Cristo tem sido a revela\u00e7\u00e3o plena de Deus, em forma humana, e, como dizem as escrituras, <em>&#8220;Ele tinha a natureza de Deus, mas n\u00e3o tentou ficar igual a Deus. Pelo contr\u00e1rio, ele abriu m\u00e3o de tudo o que era seu e tomou a natureza de servo, tornando-se assim igual aos seres humanos. &#8220;. Filipenses 2:6-7 (NTLH)<\/em><\/p>\n<p>Ele veio ao mundo para estar perto para a humanidade e para atend\u00ea-los em primeiro lugar, em vez de somente pedir-nos a servi-Lo em primeiro lugar. Ele explicou ao mundo por suas a\u00e7\u00f5es e pelas suas palavras o qu\u00e3o profundo \u00e9 amor que Ele tem por n\u00f3s. Ele \u00e9 a maior demonstra\u00e7\u00e3o de amor de auto-sacrif\u00edcio e o oposto do ego\u00edsmo. Ele disse que Seu Pai \u00e9 exatamente da mesma forma, embora a maioria das pessoas nunca se atreveriam a acreditar que,<em> &#8220;Eu e o Pai somos um.&#8221; Jo\u00e3o 10:30<\/em>. Vamos sempre olhar para as evid\u00eancias apresentadas nas escrituras que demonstram a verdade sobre Ele. A verdade n\u00e3o \u00e9 apenas uma cole\u00e7\u00e3o de fatos ou doutrinas. Jesus Cristo definiu-a como a si mesmo.<\/p>\n<p><em>&#8220;Eu sou o caminho, a verdade, e a vida;&#8221; Jo\u00e3o 14:6<\/em><\/p>\n<p>Concordamos com esta afirma\u00e7\u00e3o que a verdade \u00e9 uma pessoa, e n\u00e3o fatos ou doutrinas. Ao olhar para a pessoa de Deus, podemos aprender sobre ele e se apaixonar profundamente.<\/p>\n<p>N\u00f3s tamb\u00e9m acreditamos na plena autoridade das antigas escrituras que nos ensinam sobre esse Deus maravilhoso. A palavra de Deus \u00e9 a chave para realmente descobrir a verdade sobre Ele, e nosso objetivo \u00e9 estud\u00e1-la e pratic\u00e1-la em nossas vidas di\u00e1rias.<\/p>\n<p><\/p>","protected":false},"excerpt":{"rendered":"<p>Ol\u00e1 a todos, bem-vindo ao REVIVE, uma comunidade onde as pessoas podem dialogar sobre Deus. Qualquer tipo de pessoa \u00e9 bem-vinda. Mesmo se voc\u00ea n\u00e3o acredita em Deus, acreditamos que se voc\u00ea nos der uma chance e ouvir a nossa hist\u00f3ria que voc\u00ea pode ser surpreendido com o que aprender\u00e1 sobre ele. N\u00f3s encorajamos voc\u00ea [&hellip;]<\/p>\n","protected":false},"author":1,"featured_media":0,"parent":0,"menu_order":0,"comment_status":"open","ping_status":"open","template":"","meta":{"_exactmetrics_skip_tracking":false,"_exactmetrics_sitenote_active":false,"_exactmetrics_sitenote_note":"","_exactmetrics_sitenote_category":0,"footnotes":""},"class_list":["post-2","page","type-page","status-publish","hentry"],"jetpack_sharing_enabled":true,"_links":{"self":[{"href":"https:\/\/www.reviveproject.com\/pt\/wp-json\/wp\/v2\/pages\/2","targetHints":{"allow":["GET"]}}],"collection":[{"href":"https:\/\/www.reviveproject.com\/pt\/wp-json\/wp\/v2\/pages"}],"about":[{"href":"https:\/\/www.reviveproject.com\/pt\/wp-json\/wp\/v2\/types\/page"}],"author":[{"embeddable":true,"href":"https:\/\/www.reviveproject.com\/pt\/wp-json\/wp\/v2\/users\/1"}],"replies":[{"embeddable":true,"href":"https:\/\/www.reviveproject.com\/pt\/wp-json\/wp\/v2\/comments?post=2"}],"version-history":[{"count":16,"href":"https:\/\/www.reviveproject.com\/pt\/wp-json\/wp\/v2\/pages\/2\/revisions"}],"predecessor-version":[{"id":899,"href":"https:\/\/www.reviveproject.com\/pt\/wp-json\/wp\/v2\/pages\/2\/revisions\/899"}],"wp:attachment":[{"href":"https:\/\/www.reviveproject.com\/pt\/wp-json\/wp\/v2\/media?parent=2"}],"curies":[{"name":"wp","href":"https:\/\/api.w.org\/{rel}","templated":true}]}}