{"id":329,"date":"2012-09-15T22:27:33","date_gmt":"2012-09-16T03:27:33","guid":{"rendered":"http:\/\/www.reviveproject.com\/?page_id=329"},"modified":"2013-03-13T00:03:43","modified_gmt":"2013-03-13T05:03:43","slug":"god-chat-dialogues","status":"publish","type":"page","link":"https:\/\/www.reviveproject.com\/pt\/god-chat\/god-chat-dialogues","title":{"rendered":"God Chat &#8211; Di\u00e1logos"},"content":{"rendered":"<p><\/p>\n<p>Nossa cole\u00e7\u00e3o de di\u00e1logos sobre t\u00f3picos generalizados da b\u00edblia.<\/p>\n<p><\/p>","protected":false},"excerpt":{"rendered":"<p>Nossa cole\u00e7\u00e3o de di\u00e1logos sobre t\u00f3picos generalizados da b\u00edblia.<\/p>\n","protected":false},"author":1,"featured_media":0,"parent":189,"menu_order":0,"comment_status":"open","ping_status":"closed","template":"blog.php","meta":{"_exactmetrics_skip_tracking":false,"_exactmetrics_sitenote_active":false,"_exactmetrics_sitenote_note":"","_exactmetrics_sitenote_category":0,"footnotes":""},"class_list":["post-329","page","type-page","status-publish","hentry"],"jetpack_sharing_enabled":true,"_links":{"self":[{"href":"https:\/\/www.reviveproject.com\/pt\/wp-json\/wp\/v2\/pages\/329","targetHints":{"allow":["GET"]}}],"collection":[{"href":"https:\/\/www.reviveproject.com\/pt\/wp-json\/wp\/v2\/pages"}],"about":[{"href":"https:\/\/www.reviveproject.com\/pt\/wp-json\/wp\/v2\/types\/page"}],"author":[{"embeddable":true,"href":"https:\/\/www.reviveproject.com\/pt\/wp-json\/wp\/v2\/users\/1"}],"replies":[{"embeddable":true,"href":"https:\/\/www.reviveproject.com\/pt\/wp-json\/wp\/v2\/comments?post=329"}],"version-history":[{"count":3,"href":"https:\/\/www.reviveproject.com\/pt\/wp-json\/wp\/v2\/pages\/329\/revisions"}],"predecessor-version":[{"id":722,"href":"https:\/\/www.reviveproject.com\/pt\/wp-json\/wp\/v2\/pages\/329\/revisions\/722"}],"up":[{"embeddable":true,"href":"https:\/\/www.reviveproject.com\/pt\/wp-json\/wp\/v2\/pages\/189"}],"wp:attachment":[{"href":"https:\/\/www.reviveproject.com\/pt\/wp-json\/wp\/v2\/media?parent=329"}],"curies":[{"name":"wp","href":"https:\/\/api.w.org\/{rel}","templated":true}]}}